{"id":6410,"date":"2025-04-15T05:07:20","date_gmt":"2025-04-15T05:07:20","guid":{"rendered":"https:\/\/dentalfusioni.it\/site\/?page_id=6410"},"modified":"2025-04-16T16:26:17","modified_gmt":"2025-04-16T16:26:17","slug":"certificazioni","status":"publish","type":"page","link":"https:\/\/dentalfusioni.it\/site\/certificazioni\/","title":{"rendered":"Certificazioni"},"content":{"rendered":"<p>[et_pb_section fb_built=&#8221;1&#8243; fullwidth=&#8221;on&#8221; custom_padding_last_edited=&#8221;on|tablet&#8221; module_class=&#8221;sb_dci_size_100&#8243; _builder_version=&#8221;4.16&#8243; custom_padding_tablet=&#8221;0px|0|0px|0&#8243; custom_padding_phone=&#8221;0px|0px|0px|0px&#8221; custom_css_main_element=&#8221;z-index: 1 !Important;&#8221; global_colors_info=&#8221;{}&#8221; disabled_on=&#8221;on|off|off&#8221;][et_pb_fullwidth_slider show_pagination=&#8221;off&#8221; _builder_version=&#8221;4.27.4&#8243; header_font=&#8221;Crimson Text||on||||||&#8221; header_text_align=&#8221;center&#8221; header_text_color=&#8221;#ffffff&#8221; header_font_size=&#8221;40px&#8221; header_letter_spacing=&#8221;2px&#8221; body_font=&#8221;Lato|300|||||||&#8221; body_text_align=&#8221;center&#8221; body_text_color=&#8221;#ffffff&#8221; body_font_size=&#8221;90px&#8221; body_letter_spacing=&#8221;2px&#8221; body_line_height=&#8221;1.2em&#8221; custom_button=&#8221;on&#8221; button_text_size=&#8221;20px&#8221; button_text_color=&#8221;#ffffff&#8221; button_bg_color=&#8221;#4D376F&#8221; button_bg_use_color_gradient=&#8221;on&#8221; button_bg_color_gradient_direction=&#8221;90deg&#8221; button_bg_color_gradient_stops=&#8221;#4D376F 40%|#331760 100%&#8221; button_bg_color_gradient_start=&#8221;#4D376F&#8221; button_bg_color_gradient_start_position=&#8221;40%&#8221; button_bg_color_gradient_end=&#8221;#331760&#8243; button_border_width=&#8221;0px&#8221; button_border_color=&#8221;#4D376F&#8221; button_letter_spacing=&#8221;3&#8243; button_font=&#8221;||||||||&#8221; button_icon=&#8221;%%24%%&#8221; button_on_hover=&#8221;off&#8221; button_alignment=&#8221;center&#8221; custom_margin=&#8221;|||&#8221; custom_padding=&#8221;125px|||&#8221; custom_padding_tablet=&#8221;200px||200px|&#8221; custom_padding_phone=&#8221;|||&#8221; custom_padding_last_edited=&#8221;on|desktop&#8221; auto=&#8221;on&#8221; header_font_size_tablet=&#8221;40px&#8221; header_font_size_phone=&#8221;7px&#8221; header_font_size_last_edited=&#8221;on|desktop&#8221; body_font_size_tablet=&#8221;60px&#8221; body_font_size_phone=&#8221;40px&#8221; body_font_size_last_edited=&#8221;on|desktop&#8221; button_text_size_tablet=&#8221;&#8221; button_text_size_phone=&#8221;16px&#8221; button_text_size_last_edited=&#8221;on|phone&#8221; button_letter_spacing_tablet=&#8221;&#8221; button_letter_spacing_phone=&#8221;&#8221; button_letter_spacing_last_edited=&#8221;on|phone&#8221; custom_css_slide_button=&#8221;margin-top: 60px;||padding-top: 20px;||padding-right: 80px !important;||padding-bottom: 20px;||padding-left: 60px !important;||||&#8221; box_shadow_style=&#8221;preset6&#8243; box_shadow_blur=&#8221;10px&#8221; box_shadow_color=&#8221;rgba(0,0,0,0.1)&#8221; box_shadow_style_button=&#8221;preset2&#8243; button_text_color_hover=&#8221;#4D376F&#8221; button_border_color_hover=&#8221;#ffffff&#8221; button_letter_spacing_hover=&#8221;3&#8243; button_bg_color_hover=&#8221;#ffffff&#8221; global_colors_info=&#8221;{}&#8221; button_letter_spacing_hover_last_edited=&#8221;on|tablet&#8221; button_text_size__hover_enabled=&#8221;off&#8221; button_one_text_size__hover_enabled=&#8221;off&#8221; button_two_text_size__hover_enabled=&#8221;off&#8221; button_text_color__hover_enabled=&#8221;on&#8221; button_text_color__hover=&#8221;#4D376F&#8221; button_one_text_color__hover_enabled=&#8221;off&#8221; button_two_text_color__hover_enabled=&#8221;off&#8221; button_border_width__hover_enabled=&#8221;off&#8221; button_one_border_width__hover_enabled=&#8221;off&#8221; button_two_border_width__hover_enabled=&#8221;off&#8221; button_border_color__hover_enabled=&#8221;on&#8221; button_border_color__hover=&#8221;#ffffff&#8221; button_one_border_color__hover_enabled=&#8221;off&#8221; button_two_border_color__hover_enabled=&#8221;off&#8221; button_border_radius__hover_enabled=&#8221;off&#8221; button_one_border_radius__hover_enabled=&#8221;off&#8221; button_two_border_radius__hover_enabled=&#8221;off&#8221; button_letter_spacing__hover_enabled=&#8221;on&#8221; button_letter_spacing__hover=&#8221;3&#8243; button_one_letter_spacing__hover_enabled=&#8221;off&#8221; button_two_letter_spacing__hover_enabled=&#8221;off&#8221; button_bg_color__hover_enabled=&#8221;on&#8221; button_bg_color__hover=&#8221;#ffffff&#8221; button_one_bg_color__hover_enabled=&#8221;off&#8221; button_two_bg_color__hover_enabled=&#8221;off&#8221; button_letter_spacing_hover_tablet=&#8221;3&#8243; button_letter_spacing_hover_phone=&#8221;3&#8243;][et_pb_slide use_bg_overlay=&#8221;on&#8221; bg_overlay_color=&#8221;rgba(0,0,0,0.5)&#8221; use_text_overlay=&#8221;off&#8221; _builder_version=&#8221;4.27.4&#8243; header_font=&#8221;Montserrat|800||||on|||&#8221; header_font_size=&#8221;74px&#8221; body_font=&#8221;&#8211;et_global_heading_font|600||on|||||&#8221; body_text_color=&#8221;#FFFFFF&#8221; body_font_size=&#8221;70px&#8221; background_color=&#8221;#ffffff&#8221; background_image=&#8221;https:\/\/dentalfusioni.it\/site\/wp-content\/uploads\/2025\/04\/slide-certificazioni.jpg&#8221; background_enable_image=&#8221;on&#8221; parallax=&#8221;on&#8221; custom_padding_tablet=&#8221;&#8221; custom_padding_phone=&#8221;100px||100px|&#8221; custom_padding_last_edited=&#8221;on|desktop&#8221; header_font_size_tablet=&#8221;&#8221; header_font_size_phone=&#8221;50px&#8221; header_font_size_last_edited=&#8221;on|desktop&#8221; global_colors_info=&#8221;{}&#8221; button_text_size__hover_enabled=&#8221;off&#8221; button_one_text_size__hover_enabled=&#8221;off&#8221; button_two_text_size__hover_enabled=&#8221;off&#8221; button_text_color__hover_enabled=&#8221;off&#8221; button_one_text_color__hover_enabled=&#8221;off&#8221; button_two_text_color__hover_enabled=&#8221;off&#8221; button_border_width__hover_enabled=&#8221;off&#8221; button_one_border_width__hover_enabled=&#8221;off&#8221; button_two_border_width__hover_enabled=&#8221;off&#8221; button_border_color__hover_enabled=&#8221;off&#8221; button_one_border_color__hover_enabled=&#8221;off&#8221; button_two_border_color__hover_enabled=&#8221;off&#8221; button_border_radius__hover_enabled=&#8221;off&#8221; button_one_border_radius__hover_enabled=&#8221;off&#8221; button_two_border_radius__hover_enabled=&#8221;off&#8221; button_letter_spacing__hover_enabled=&#8221;off&#8221; button_one_letter_spacing__hover_enabled=&#8221;off&#8221; button_two_letter_spacing__hover_enabled=&#8221;off&#8221; button_bg_color__hover_enabled=&#8221;off&#8221; button_one_bg_color__hover_enabled=&#8221;off&#8221; button_two_bg_color__hover_enabled=&#8221;off&#8221; sticky_transition=&#8221;on&#8221;]<\/p>\n<p>certificazioni<\/p>\n<p>[\/et_pb_slide][\/et_pb_fullwidth_slider][\/et_pb_section][et_pb_section fb_built=&#8221;1&#8243; _builder_version=&#8221;4.27.4&#8243; _module_preset=&#8221;default&#8221; title_text=&#8221;slide-certificazioni-mob&#8221; background_image=&#8221;https:\/\/dentalfusioni.it\/site\/wp-content\/uploads\/2025\/04\/slide-certificazioni-mob.jpg&#8221; background_position=&#8221;top_center&#8221; hover_enabled=&#8221;0&#8243; sticky_enabled=&#8221;0&#8243; use_background_color_gradient=&#8221;on&#8221; background_color_gradient_stops=&#8221;rgba(0,0,0,0.5) 0%|rgba(0,0,0,0.5) 100%&#8221; background_color_gradient_overlays_image=&#8221;on&#8221; disabled_on=&#8221;off|on|on&#8221; locked=&#8221;off&#8221;][et_pb_row _builder_version=&#8221;4.27.4&#8243; _module_preset=&#8221;default&#8221; theme_builder_area=&#8221;post_content&#8221;][et_pb_column _builder_version=&#8221;4.27.4&#8243; _module_preset=&#8221;default&#8221; type=&#8221;4_4&#8243; theme_builder_area=&#8221;post_content&#8221;][et_pb_text _builder_version=&#8221;4.27.4&#8243; _module_preset=&#8221;default&#8221; theme_builder_area=&#8221;post_content&#8221; hover_enabled=&#8221;0&#8243; sticky_enabled=&#8221;0&#8243; text_font=&#8221;&#8211;et_global_heading_font|600|||||||&#8221; text_text_color=&#8221;#FFFFFF&#8221; text_font_size=&#8221;32px&#8221; text_orientation=&#8221;center&#8221;]<\/p>\n<p>CERTIFICAZIONI<\/p>\n<p>[\/et_pb_text][\/et_pb_column][\/et_pb_row][\/et_pb_section][et_pb_section fb_built=&#8221;1&#8243; _builder_version=&#8221;4.27.4&#8243; background_color=&#8221;#98D2EB&#8221; background_image=&#8221;https:\/\/dentalfusioni.it\/site\/wp-content\/uploads\/2025\/03\/bgd-mid-top.png&#8221; parallax=&#8221;on&#8221; parallax_method=&#8221;off&#8221; custom_padding=&#8221;50px|0px|50px|0px|false|false&#8221; locked=&#8221;off&#8221; global_colors_info=&#8221;{}&#8221;][et_pb_row _builder_version=&#8221;4.27.4&#8243; locked=&#8221;off&#8221; global_colors_info=&#8221;{}&#8221;][et_pb_column type=&#8221;4_4&#8243; _builder_version=&#8221;4.16&#8243; custom_padding=&#8221;|||&#8221; global_colors_info=&#8221;{}&#8221; custom_padding__hover=&#8221;|||&#8221;][et_pb_text _builder_version=&#8221;4.27.4&#8243; header_font=&#8221;&#8211;et_global_heading_font|500||on|||||&#8221; header_text_align=&#8221;center&#8221; header_text_color=&#8221;#325D94&#8243; header_font_size=&#8221;48px&#8221; animation_style=&#8221;zoom&#8221; hover_enabled=&#8221;0&#8243; global_colors_info=&#8221;{}&#8221; header_font_size_last_edited=&#8221;on|phone&#8221; header_font_size_phone=&#8221;23px&#8221; content_last_edited=&#8221;on|phone&#8221; content_phone=&#8221;<\/p>\n<h1>un metodo che<br \/>\nfa la differenza<\/h1>\n<p>&#8221; sticky_enabled=&#8221;0&#8243; header_font_size_tablet=&#8221;48px&#8221; content_tablet=&#8221;<\/p>\n<h1>un metodo che fa la differenza<\/h1>\n<p>&#8220;]<\/p>\n<h1>un metodo che fa la differenza<\/h1>\n<p>[\/et_pb_text][\/et_pb_column][\/et_pb_row][et_pb_row column_structure=&#8221;1_2,1_2&#8243; _builder_version=&#8221;4.16&#8243; global_colors_info=&#8221;{}&#8221;][et_pb_column type=&#8221;1_2&#8243; _builder_version=&#8221;4.16&#8243; custom_padding=&#8221;|||&#8221; global_colors_info=&#8221;{}&#8221; custom_padding__hover=&#8221;|||&#8221;][et_pb_text _builder_version=&#8221;4.27.4&#8243; text_font=&#8221;|300|||||||&#8221; text_orientation=&#8221;right&#8221; module_alignment=&#8221;right&#8221; custom_padding=&#8221;|20px|20px|&#8221; border_radii=&#8221;||||&#8221; border_color_all=&#8221;#659dbd&#8221; border_width_right=&#8221;4px&#8221; border_color_right=&#8221;#325D94&#8243; global_colors_info=&#8221;{}&#8221;]<\/p>\n<p>Per noi, le certificazioni non sono un ostacolo, ma uno strumento prezioso, un\u2019opportunit\u00e0 per migliorare l\u2019organizzazione, rendere i processi pi\u00f9 fluidi e rafforzare la fiducia con chi ogni giorno si affida a noi.<\/p>\n<p>L\u2019adozione di metodi di lavoro standardizzati, accompagnati da controlli rigorosi e procedure chiare, ci permette di operare con maggiore efficienza. Ogni attivit\u00e0 \u00e8 tracciata, verificabile, misurabile: questo significa pi\u00f9 ordine, meno margine di errore, risultati concreti.<\/p>\n<p>[\/et_pb_text][et_pb_button button_url=&#8221;https:\/\/dentalfusioni.it\/site\/wp-content\/uploads\/2025\/04\/Certificato-Prodotto-MDR-Legacy.pdf&#8221; button_text=&#8221;certificazione mdr&#8221; button_alignment=&#8221;right&#8221; disabled_on=&#8221;off|off|off&#8221; _builder_version=&#8221;4.27.4&#8243; custom_button=&#8221;on&#8221; button_text_size=&#8221;20px&#8221; button_bg_color=&#8221;#325D94&#8243; button_bg_color_gradient_direction=&#8221;90deg&#8221; button_bg_color_gradient_stops=&#8221;#B6C6C9 40%|#331760 100%&#8221; button_bg_color_gradient_start=&#8221;#B6C6C9&#8243; button_bg_color_gradient_start_position=&#8221;40%&#8221; button_bg_color_gradient_end=&#8221;#331760&#8243; button_border_width=&#8221;0px&#8221; button_border_color=&#8221;#325D94&#8243; button_letter_spacing=&#8221;3px&#8221; button_font=&#8221;&#8211;et_global_heading_font|300|||||||&#8221; button_use_icon=&#8221;off&#8221; background_layout=&#8221;dark&#8221; custom_margin=&#8221;|||&#8221; custom_margin_tablet=&#8221;&#8221; custom_margin_phone=&#8221;|||&#8221; custom_margin_last_edited=&#8221;on|desktop&#8221; custom_padding=&#8221;20px|40px|20px|40px&#8221; custom_padding_tablet=&#8221;|||&#8221; custom_padding_phone=&#8221;|40px||40px&#8221; custom_padding_last_edited=&#8221;on|phone&#8221; animation_style=&#8221;slide&#8221; animation_direction=&#8221;left&#8221; button_text_size_tablet=&#8221;20px&#8221; button_text_size_phone=&#8221;16px&#8221; button_text_size_last_edited=&#8221;on|phone&#8221; box_shadow_style=&#8221;preset2&#8243; button_text_color_hover=&#8221;#3C3950&#8243; button_border_color_hover=&#8221;#3C3950&#8243; button_border_radius_hover=&#8221;0px&#8221; button_letter_spacing_hover=&#8221;3px&#8221; button_bg_color_hover=&#8221;#ffffff&#8221; locked=&#8221;off&#8221; global_colors_info=&#8221;{}&#8221; button_text_size__hover_enabled=&#8221;off&#8221; button_one_text_size__hover_enabled=&#8221;off&#8221; button_two_text_size__hover_enabled=&#8221;off&#8221; button_text_color__hover_enabled=&#8221;on&#8221; button_text_color__hover=&#8221;#3C3950&#8243; button_one_text_color__hover_enabled=&#8221;off&#8221; button_two_text_color__hover_enabled=&#8221;off&#8221; button_border_width__hover_enabled=&#8221;off&#8221; button_one_border_width__hover_enabled=&#8221;off&#8221; button_two_border_width__hover_enabled=&#8221;off&#8221; button_border_color__hover_enabled=&#8221;on&#8221; button_border_color__hover=&#8221;#ffffff&#8221; button_one_border_color__hover_enabled=&#8221;off&#8221; button_two_border_color__hover_enabled=&#8221;off&#8221; button_border_radius__hover_enabled=&#8221;on&#8221; button_border_radius__hover=&#8221;0px&#8221; button_one_border_radius__hover_enabled=&#8221;off&#8221; button_two_border_radius__hover_enabled=&#8221;off&#8221; button_letter_spacing__hover_enabled=&#8221;on&#8221; button_letter_spacing__hover=&#8221;3px&#8221; button_one_letter_spacing__hover_enabled=&#8221;off&#8221; button_two_letter_spacing__hover_enabled=&#8221;off&#8221; button_bg_color__hover_enabled=&#8221;on&#8221; button_bg_color__hover=&#8221;rgba(0,0,0,0)&#8221; button_one_bg_color__hover_enabled=&#8221;off&#8221; button_two_bg_color__hover_enabled=&#8221;off&#8221;][\/et_pb_button][\/et_pb_column][et_pb_column type=&#8221;1_2&#8243; _builder_version=&#8221;4.16&#8243; custom_padding=&#8221;|||&#8221; global_colors_info=&#8221;{}&#8221; custom_padding__hover=&#8221;|||&#8221;][et_pb_text _builder_version=&#8221;4.27.4&#8243; text_font=&#8221;|300|||||||&#8221; custom_padding=&#8221;||20px|20px&#8221; border_width_left=&#8221;4px&#8221; border_color_left=&#8221;#325D94&#8243; global_colors_info=&#8221;{}&#8221;]<\/p>\n<p>Le certificazioni ci aiutano a mantenere un livello costante di qualit\u00e0 nel tempo. Non sono un semplice attestato, ma una guida che orienta le nostre scelte operative, in ogni reparto, in ogni fase della produzione.<\/p>\n<p>\u00c8 cos\u00ec che intendiamo la qualit\u00e0: non come un\u2019etichetta, ma come un impegno quotidiano. Le certificazioni sono parte integrante del nostro modo di lavorare, perch\u00e9 crediamo che la vera eccellenza nasca dalla coerenza tra ci\u00f2 che si promette e ci\u00f2 che si fa.<\/p>\n<p>[\/et_pb_text][et_pb_button button_url=&#8221;https:\/\/dentalfusioni.it\/site\/wp-content\/uploads\/2025\/04\/ISO-13485.pdf&#8221; button_text=&#8221;ISO 13485&#8243; button_alignment=&#8221;left&#8221; disabled_on=&#8221;off|off|off&#8221; _builder_version=&#8221;4.27.4&#8243; custom_button=&#8221;on&#8221; button_text_size=&#8221;20px&#8221; button_bg_color=&#8221;#325D94&#8243; button_bg_color_gradient_direction=&#8221;90deg&#8221; button_bg_color_gradient_stops=&#8221;#141618 40%|#333333 100%&#8221; button_bg_color_gradient_start=&#8221;#141618&#8243; button_bg_color_gradient_start_position=&#8221;40%&#8221; button_bg_color_gradient_end=&#8221;#333333&#8243; button_border_width=&#8221;0px&#8221; button_border_color=&#8221;#325D94&#8243; button_letter_spacing=&#8221;3px&#8221; button_font=&#8221;&#8211;et_global_heading_font|300|||||||&#8221; button_use_icon=&#8221;off&#8221; background_layout=&#8221;dark&#8221; custom_margin=&#8221;|||&#8221; custom_margin_tablet=&#8221;&#8221; custom_margin_phone=&#8221;|||&#8221; custom_margin_last_edited=&#8221;on|desktop&#8221; custom_padding=&#8221;20px|40px|20px|40px&#8221; custom_padding_tablet=&#8221;|||&#8221; custom_padding_phone=&#8221;|40px||40px&#8221; custom_padding_last_edited=&#8221;on|phone&#8221; animation_style=&#8221;slide&#8221; animation_direction=&#8221;right&#8221; button_text_size_tablet=&#8221;20px&#8221; button_text_size_phone=&#8221;16px&#8221; button_text_size_last_edited=&#8221;on|phone&#8221; box_shadow_style=&#8221;preset2&#8243; button_text_color_hover=&#8221;#3C3950&#8243; button_border_color_hover=&#8221;#3C3950&#8243; button_letter_spacing_hover=&#8221;3px&#8221; button_bg_color_hover=&#8221;#ffffff&#8221; locked=&#8221;off&#8221; global_colors_info=&#8221;{}&#8221; button_text_size__hover_enabled=&#8221;off&#8221; button_one_text_size__hover_enabled=&#8221;off&#8221; button_two_text_size__hover_enabled=&#8221;off&#8221; button_text_color__hover_enabled=&#8221;on&#8221; button_text_color__hover=&#8221;#3C3950&#8243; button_one_text_color__hover_enabled=&#8221;off&#8221; button_two_text_color__hover_enabled=&#8221;off&#8221; button_border_width__hover_enabled=&#8221;off&#8221; button_one_border_width__hover_enabled=&#8221;off&#8221; button_two_border_width__hover_enabled=&#8221;off&#8221; button_border_color__hover_enabled=&#8221;on&#8221; button_border_color__hover=&#8221;#ffffff&#8221; button_one_border_color__hover_enabled=&#8221;off&#8221; button_two_border_color__hover_enabled=&#8221;off&#8221; button_border_radius__hover_enabled=&#8221;off&#8221; button_one_border_radius__hover_enabled=&#8221;off&#8221; button_two_border_radius__hover_enabled=&#8221;off&#8221; button_letter_spacing__hover_enabled=&#8221;on&#8221; button_letter_spacing__hover=&#8221;3px&#8221; button_one_letter_spacing__hover_enabled=&#8221;off&#8221; button_two_letter_spacing__hover_enabled=&#8221;off&#8221; button_bg_color__hover_enabled=&#8221;on&#8221; button_bg_color__hover=&#8221;rgba(0,0,0,0)&#8221; button_one_bg_color__hover_enabled=&#8221;off&#8221; button_two_bg_color__hover_enabled=&#8221;off&#8221;][\/et_pb_button][\/et_pb_column][\/et_pb_row][\/et_pb_section]<\/p>\n","protected":false},"excerpt":{"rendered":"<p>certificazioniCERTIFICAZIONIun metodo che fa la differenzaPer noi, le certificazioni non sono un ostacolo, ma uno strumento prezioso, un\u2019opportunit\u00e0 per migliorare l\u2019organizzazione, rendere i processi pi\u00f9 fluidi e rafforzare la fiducia con chi ogni giorno si affida a noi. L\u2019adozione di metodi di lavoro standardizzati, accompagnati da controlli rigorosi e procedure chiare, ci permette di operare [&hellip;]<\/p>\n","protected":false},"author":1,"featured_media":0,"parent":0,"menu_order":1100,"comment_status":"closed","ping_status":"closed","template":"","meta":{"_et_pb_use_builder":"on","_et_pb_old_content":"","_et_gb_content_width":"","_lmt_disableupdate":"","_lmt_disable":"","footnotes":""},"class_list":["post-6410","page","type-page","status-publish","hentry"],"yoast_head":"<!-- This site is optimized with the Yoast SEO plugin v27.4 - https:\/\/yoast.com\/product\/yoast-seo-wordpress\/ -->\n<title>Certificazioni - Dental Fusioni<\/title>\n<meta name=\"robots\" content=\"index, follow, max-snippet:-1, max-image-preview:large, max-video-preview:-1\" \/>\n<link rel=\"canonical\" href=\"https:\/\/dentalfusioni.it\/site\/certificazioni\/\" \/>\n<meta property=\"og:locale\" content=\"en_US\" \/>\n<meta property=\"og:type\" content=\"article\" \/>\n<meta property=\"og:title\" content=\"Certificazioni - Dental Fusioni\" \/>\n<meta property=\"og:description\" content=\"certificazioniCERTIFICAZIONIun metodo che fa la differenzaPer noi, le certificazioni non sono un ostacolo, ma uno strumento prezioso, un\u2019opportunit\u00e0 per migliorare l\u2019organizzazione, rendere i processi pi\u00f9 fluidi e rafforzare la fiducia con chi ogni giorno si affida a noi. L\u2019adozione di metodi di lavoro standardizzati, accompagnati da controlli rigorosi e procedure chiare, ci permette di operare [&hellip;]\" \/>\n<meta property=\"og:url\" content=\"https:\/\/dentalfusioni.it\/site\/certificazioni\/\" \/>\n<meta property=\"og:site_name\" content=\"Dental Fusioni\" \/>\n<meta property=\"article:publisher\" content=\"https:\/\/www.facebook.com\/dentalfusioni\" \/>\n<meta property=\"article:modified_time\" content=\"2025-04-16T16:26:17+00:00\" \/>\n<meta name=\"twitter:card\" content=\"summary_large_image\" \/>\n<meta name=\"twitter:label1\" content=\"Est. reading time\" \/>\n\t<meta name=\"twitter:data1\" content=\"10 minutes\" \/>\n<script type=\"application\/ld+json\" class=\"yoast-schema-graph\">{\"@context\":\"https:\\\/\\\/schema.org\",\"@graph\":[{\"@type\":\"WebPage\",\"@id\":\"https:\\\/\\\/dentalfusioni.it\\\/site\\\/certificazioni\\\/\",\"url\":\"https:\\\/\\\/dentalfusioni.it\\\/site\\\/certificazioni\\\/\",\"name\":\"Certificazioni - Dental Fusioni\",\"isPartOf\":{\"@id\":\"https:\\\/\\\/dentalfusioni.it\\\/site\\\/#website\"},\"datePublished\":\"2025-04-15T05:07:20+00:00\",\"dateModified\":\"2025-04-16T16:26:17+00:00\",\"breadcrumb\":{\"@id\":\"https:\\\/\\\/dentalfusioni.it\\\/site\\\/certificazioni\\\/#breadcrumb\"},\"inLanguage\":\"en-US\",\"potentialAction\":[{\"@type\":\"ReadAction\",\"target\":[\"https:\\\/\\\/dentalfusioni.it\\\/site\\\/certificazioni\\\/\"]}]},{\"@type\":\"BreadcrumbList\",\"@id\":\"https:\\\/\\\/dentalfusioni.it\\\/site\\\/certificazioni\\\/#breadcrumb\",\"itemListElement\":[{\"@type\":\"ListItem\",\"position\":1,\"name\":\"Home\",\"item\":\"https:\\\/\\\/dentalfusioni.it\\\/site\\\/\"},{\"@type\":\"ListItem\",\"position\":2,\"name\":\"Certificazioni\"}]},{\"@type\":\"WebSite\",\"@id\":\"https:\\\/\\\/dentalfusioni.it\\\/site\\\/#website\",\"url\":\"https:\\\/\\\/dentalfusioni.it\\\/site\\\/\",\"name\":\"Dental Fusioni\",\"description\":\"Innovativi per tradizione\",\"publisher\":{\"@id\":\"https:\\\/\\\/dentalfusioni.it\\\/site\\\/#organization\"},\"potentialAction\":[{\"@type\":\"SearchAction\",\"target\":{\"@type\":\"EntryPoint\",\"urlTemplate\":\"https:\\\/\\\/dentalfusioni.it\\\/site\\\/?s={search_term_string}\"},\"query-input\":{\"@type\":\"PropertyValueSpecification\",\"valueRequired\":true,\"valueName\":\"search_term_string\"}}],\"inLanguage\":\"en-US\"},{\"@type\":\"Organization\",\"@id\":\"https:\\\/\\\/dentalfusioni.it\\\/site\\\/#organization\",\"name\":\"Dental Fusioni\",\"url\":\"https:\\\/\\\/dentalfusioni.it\\\/site\\\/\",\"logo\":{\"@type\":\"ImageObject\",\"inLanguage\":\"en-US\",\"@id\":\"https:\\\/\\\/dentalfusioni.it\\\/site\\\/#\\\/schema\\\/logo\\\/image\\\/\",\"url\":\"https:\\\/\\\/dentalfusioni.it\\\/site\\\/wp-content\\\/uploads\\\/2025\\\/03\\\/logo-mid.png\",\"contentUrl\":\"https:\\\/\\\/dentalfusioni.it\\\/site\\\/wp-content\\\/uploads\\\/2025\\\/03\\\/logo-mid.png\",\"width\":596,\"height\":222,\"caption\":\"Dental Fusioni\"},\"image\":{\"@id\":\"https:\\\/\\\/dentalfusioni.it\\\/site\\\/#\\\/schema\\\/logo\\\/image\\\/\"},\"sameAs\":[\"https:\\\/\\\/www.facebook.com\\\/dentalfusioni\",\"https:\\\/\\\/www.instagram.com\\\/dentalfusioni\\\/\"]}]}<\/script>\n<!-- \/ Yoast SEO plugin. -->","yoast_head_json":{"title":"Certificazioni - Dental Fusioni","robots":{"index":"index","follow":"follow","max-snippet":"max-snippet:-1","max-image-preview":"max-image-preview:large","max-video-preview":"max-video-preview:-1"},"canonical":"https:\/\/dentalfusioni.it\/site\/certificazioni\/","og_locale":"en_US","og_type":"article","og_title":"Certificazioni - Dental Fusioni","og_description":"certificazioniCERTIFICAZIONIun metodo che fa la differenzaPer noi, le certificazioni non sono un ostacolo, ma uno strumento prezioso, un\u2019opportunit\u00e0 per migliorare l\u2019organizzazione, rendere i processi pi\u00f9 fluidi e rafforzare la fiducia con chi ogni giorno si affida a noi. L\u2019adozione di metodi di lavoro standardizzati, accompagnati da controlli rigorosi e procedure chiare, ci permette di operare [&hellip;]","og_url":"https:\/\/dentalfusioni.it\/site\/certificazioni\/","og_site_name":"Dental Fusioni","article_publisher":"https:\/\/www.facebook.com\/dentalfusioni","article_modified_time":"2025-04-16T16:26:17+00:00","twitter_card":"summary_large_image","twitter_misc":{"Est. reading time":"10 minutes"},"schema":{"@context":"https:\/\/schema.org","@graph":[{"@type":"WebPage","@id":"https:\/\/dentalfusioni.it\/site\/certificazioni\/","url":"https:\/\/dentalfusioni.it\/site\/certificazioni\/","name":"Certificazioni - Dental Fusioni","isPartOf":{"@id":"https:\/\/dentalfusioni.it\/site\/#website"},"datePublished":"2025-04-15T05:07:20+00:00","dateModified":"2025-04-16T16:26:17+00:00","breadcrumb":{"@id":"https:\/\/dentalfusioni.it\/site\/certificazioni\/#breadcrumb"},"inLanguage":"en-US","potentialAction":[{"@type":"ReadAction","target":["https:\/\/dentalfusioni.it\/site\/certificazioni\/"]}]},{"@type":"BreadcrumbList","@id":"https:\/\/dentalfusioni.it\/site\/certificazioni\/#breadcrumb","itemListElement":[{"@type":"ListItem","position":1,"name":"Home","item":"https:\/\/dentalfusioni.it\/site\/"},{"@type":"ListItem","position":2,"name":"Certificazioni"}]},{"@type":"WebSite","@id":"https:\/\/dentalfusioni.it\/site\/#website","url":"https:\/\/dentalfusioni.it\/site\/","name":"Dental Fusioni","description":"Innovativi per tradizione","publisher":{"@id":"https:\/\/dentalfusioni.it\/site\/#organization"},"potentialAction":[{"@type":"SearchAction","target":{"@type":"EntryPoint","urlTemplate":"https:\/\/dentalfusioni.it\/site\/?s={search_term_string}"},"query-input":{"@type":"PropertyValueSpecification","valueRequired":true,"valueName":"search_term_string"}}],"inLanguage":"en-US"},{"@type":"Organization","@id":"https:\/\/dentalfusioni.it\/site\/#organization","name":"Dental Fusioni","url":"https:\/\/dentalfusioni.it\/site\/","logo":{"@type":"ImageObject","inLanguage":"en-US","@id":"https:\/\/dentalfusioni.it\/site\/#\/schema\/logo\/image\/","url":"https:\/\/dentalfusioni.it\/site\/wp-content\/uploads\/2025\/03\/logo-mid.png","contentUrl":"https:\/\/dentalfusioni.it\/site\/wp-content\/uploads\/2025\/03\/logo-mid.png","width":596,"height":222,"caption":"Dental Fusioni"},"image":{"@id":"https:\/\/dentalfusioni.it\/site\/#\/schema\/logo\/image\/"},"sameAs":["https:\/\/www.facebook.com\/dentalfusioni","https:\/\/www.instagram.com\/dentalfusioni\/"]}]}},"_links":{"self":[{"href":"https:\/\/dentalfusioni.it\/site\/wp-json\/wp\/v2\/pages\/6410","targetHints":{"allow":["GET"]}}],"collection":[{"href":"https:\/\/dentalfusioni.it\/site\/wp-json\/wp\/v2\/pages"}],"about":[{"href":"https:\/\/dentalfusioni.it\/site\/wp-json\/wp\/v2\/types\/page"}],"author":[{"embeddable":true,"href":"https:\/\/dentalfusioni.it\/site\/wp-json\/wp\/v2\/users\/1"}],"replies":[{"embeddable":true,"href":"https:\/\/dentalfusioni.it\/site\/wp-json\/wp\/v2\/comments?post=6410"}],"version-history":[{"count":10,"href":"https:\/\/dentalfusioni.it\/site\/wp-json\/wp\/v2\/pages\/6410\/revisions"}],"predecessor-version":[{"id":6596,"href":"https:\/\/dentalfusioni.it\/site\/wp-json\/wp\/v2\/pages\/6410\/revisions\/6596"}],"wp:attachment":[{"href":"https:\/\/dentalfusioni.it\/site\/wp-json\/wp\/v2\/media?parent=6410"}],"curies":[{"name":"wp","href":"https:\/\/api.w.org\/{rel}","templated":true}]}}